
{"id":1185,"date":"2022-06-24T06:57:30","date_gmt":"2022-06-24T09:57:30","guid":{"rendered":"https:\/\/museuhistoricosl.com.br\/acervo\/?page_id=1185"},"modified":"2022-06-24T06:57:30","modified_gmt":"2022-06-24T09:57:30","slug":"termos-de-uso","status":"publish","type":"page","link":"https:\/\/museuhistoricosl.com.br\/acervo\/termos-de-uso\/","title":{"rendered":"Termos de Uso"},"content":{"rendered":"<p>A perman\u00eancia no website implica-se automaticamente na leitura e aceita\u00e7\u00e3o t\u00e1cita do presente termos de uso a seguir. Este termo foi atualizado pela \u00faltima vez em 24 de junho de 2022.<\/p>\n<h3><strong>1. DA FUN\u00c7\u00c3O DO SITE<\/strong><\/h3>\n<p>Este site foi criado e desenvolvido com a fun\u00e7\u00e3o de trazer conte\u00fado informativo de alta qualidade, a venda de produtos f\u00edsicos, digitais e a divulga\u00e7\u00e3o de presta\u00e7\u00e3o de servi\u00e7o. o projeto de Acervo busca atrav\u00e9s da cria\u00e7\u00e3o de conte\u00fado de alta qualidade, desenvolvido por profissionais da \u00e1rea, trazer o conhecimento ao alcance de todos, assim como a divulga\u00e7\u00e3o dos pr\u00f3prios servi\u00e7os.<\/p>\n<p>Nesta plataforma, poder\u00e1 ser realizado tanto a divulga\u00e7\u00e3o de material original de alta qualidade, assim como a divulga\u00e7\u00e3o de produtos de e-commerce.<\/p>\n<p>Todo o conte\u00fado presente neste site foi desenvolvido buscando fontes e materiais de confiabilidade, assim como s\u00e3o baseados em estudos s\u00e9rios e respeitados, atrav\u00e9s de pesquisa de alta n\u00edvel.<\/p>\n<p>Todo o conte\u00fado \u00e9 atualizado periodicamente, por\u00e9m, pode conter em algum artigo, v\u00eddeo ou imagem, alguma informa\u00e7\u00e3o que n\u00e3o reflita a verdade atual, n\u00e3o podendo o projeto de Acervo ser responsabilizada de nenhuma forma ou meio por qualquer conte\u00fado que n\u00e3o esteja devidamente atualizado.<\/p>\n<p>\u00c9 de responsabilidade do usu\u00e1rio de usar todas as informa\u00e7\u00f5es presentes no site com senso cr\u00edtico, utilizando apenas como fonte de informa\u00e7\u00e3o, e sempre buscando especialistas da \u00e1rea para a solu\u00e7\u00e3o concreta do seu conflito.<\/p>\n<h3>2.\u00a0<strong>DO ACEITE DOS TERMOS<\/strong><\/h3>\n<p>Este termo especifica e exige que todo usu\u00e1rio ao acessar o site do Projeto Acervo do Museu Visconde de S\u00e3o Leopoldo, leia e compreenda todas as cl\u00e1usulas do mesmo, visto que ele estabelece entre o projeto de Acervo e o VISITANTE direitos e obriga\u00e7\u00f5es entre ambas as partes, aceitos expressamente pelo VISITANTE a permanecer navegando no site do Projeto Acervo do Museu Visconde de S\u00e3o Leopoldo.<\/p>\n<p>Ao continuar acessando o site, o VISITANTE expressa que aceita e entende todas as cl\u00e1usulas, assim como concorda integralmente com cada uma delas, sendo este aceite imprescind\u00edvel para a perman\u00eancia na mesma. Caso o VISITANTE discorde de alguma cl\u00e1usula ou termo deste contrato, o mesmo deve imediatamente interromper sua navega\u00e7\u00e3o de todas as formas e meios.<\/p>\n<p>Este termo pode e ir\u00e1 ser atualizado periodicamente pelo projeto de Acervo, que se resguarda no direito de altera\u00e7\u00e3o, sem qualquer tipo de aviso pr\u00e9vio e comunica\u00e7\u00e3o. \u00c9 importante que o VISITANTE confira sempre se houve movimenta\u00e7\u00e3o e qual foi a \u00faltima atualiza\u00e7\u00e3o do mesmo no come\u00e7o da p\u00e1gina.<\/p>\n<h3><strong>3. DO GLOSS\u00c1RIO<\/strong><\/h3>\n<p>Este termo pode conter algumas palavras espec\u00edficas que podem n\u00e3o se de conhecimento geral. Entre elas:<\/p>\n<ul>\n<li><strong>VISITANTE:\u00a0<\/strong>Todo e qualquer usu\u00e1rio do site, de qualquer forma e meio, que acesse atrav\u00e9s de computador, notebook, tablet, celular ou quaisquer outros meios, o website ou plataforma do Projeto Acervo do Museu Visconde de S\u00e3o Leopoldo.<\/li>\n<li><strong>NAVEGA\u00c7\u00c3O:\u00a0<\/strong>O ato de visitar p\u00e1ginas e conte\u00fado do website ou plataforma do Projeto Acervo do Museu Visconde de S\u00e3o Leopoldo.<\/li>\n<li><strong>COOKIES:<\/strong>\u00a0Pequenos arquivos de textos gerados automaticamente pelo site e transmitido para o navegador do visitante, que servem para melhorar a usabilidade do visitante.<\/li>\n<li><strong>LOGIN:<\/strong>\u00a0Dados de acesso do visitante ao realizar o cadastro junto o projeto de Acervo, dividido entre usu\u00e1rio e senha, que d\u00e1 acesso a fun\u00e7\u00f5es restritas do site.<\/li>\n<li><strong>HIPERLINKS:\u00a0<\/strong>S\u00e3o links clic\u00e1veis que podem aparecer pelo site ou no conte\u00fado, que levam para outra p\u00e1gina do Projeto Acervo do Museu Visconde de S\u00e3o Leopoldo ou site externo.<\/li>\n<li><strong>OFFLINE:<\/strong>\u00a0Quando o site ou plataforma se encontra indispon\u00edvel, n\u00e3o podendo ser acessado externamente por nenhum usu\u00e1rio.<\/li>\n<\/ul>\n<p>Em caso de d\u00favidas sobre qualquer palavra utilizada neste termo, o VISITANTE dever\u00e1 entrar em contato com o projeto de Acervo atrav\u00e9s dos canais de comunica\u00e7\u00e3o encontradas no site.<\/p>\n<h3>4<strong>. DO ACESSO AO SITE<\/strong><\/h3>\n<p>O Site e plataforma funcionam normalmente 24 (vinte e quatro) horas por dia, por\u00e9m podem ocorrer pequenas interrup\u00e7\u00f5es de forma tempor\u00e1ria para ajustes, manuten\u00e7\u00e3o, mudan\u00e7a de servidores, falhas t\u00e9cnicas ou por ordem de for\u00e7a maior, que podem deixar o site indispon\u00edvel por tempo limitado.<\/p>\n<p>o projeto de Acervo n\u00e3o se responsabiliza por nenhuma perda de oportunidade ou preju\u00edzos que esta indisponibilidade tempor\u00e1ria possa gerar aos usu\u00e1rios.<\/p>\n<p>Em caso de manuten\u00e7\u00e3o que exigirem um tempo maior, o projeto de Acervo ir\u00e1 informar previamente aos clientes da necessidade e do tempo previsto em que o site ou plataforma ficar\u00e1 offline.<\/p>\n<p>O acesso ao site s\u00f3 \u00e9 permitido a maiores de 18 anos de idade ou que possu\u00edrem capacidade civil plena. Para acesso de menores de idade, \u00e9 necess\u00e1ria a expressa autoriza\u00e7\u00e3o dos pais ou tutores, ficando o mesmo respons\u00e1veis sobre qualquer compra ou acesso efetuados pelo mesmo.<\/p>\n<p>Caso seja necess\u00e1rio realizar um cadastro junto a plataforma, onde o VISITANTE dever\u00e1 preencher um formul\u00e1rio com seus dados e informa\u00e7\u00f5es, para ter acesso a alguma parte restrita, ou realizar alguma compra.<\/p>\n<p>Todos os dados est\u00e3o protegidos conforme a Lei Geral de Prote\u00e7\u00e3o de Dados, e ao realizar o cadastro junto ao site, o VISITANTE concorda integralmente com a coleta de dados conforme a Lei e com a Pol\u00edtica de Privacidade do Projeto Acervo do Museu Visconde de S\u00e3o Leopoldo.<\/p>\n<h3><strong>5.\u00a0DA LICEN\u00c7A DE USO E C\u00d3PIA<\/strong><\/h3>\n<p>O visitante poder\u00e1 acessar todo o conte\u00fado do website, como artigos, v\u00eddeos, imagens, produtos e servi\u00e7os, n\u00e3o significando nenhum tipo de cess\u00e3o de direito ou permiss\u00e3o de uso, ou de c\u00f3pia dos mesmo.<\/p>\n<p>Todos os direitos s\u00e3o preservados, conforme a legisla\u00e7\u00e3o brasileira, principalmente na Lei de Direitos Autorais (regulamentada na\u00a0<a href=\"http:\/\/www.planalto.gov.br\/ccivil_03\/leis\/l9610.htm\">Lei n\u00ba 9.610\/18<\/a>), assim como no C\u00f3digo Civil brasileiro (regulamentada na\u00a0<a href=\"http:\/\/www.planalto.gov.br\/ccivil_03\/leis\/2002\/l10406compilada.htm\">Lei n\u00ba 10.406\/02<\/a>), ou quaisquer outras legisla\u00e7\u00f5es aplic\u00e1veis.<\/p>\n<p>Todo o conte\u00fado do site \u00e9 protegido por direitos autorais, e seu uso, c\u00f3pia, transmiss\u00e3o, venda, cess\u00e3o ou revenda, deve seguir a lei brasileira, tendo o projeto de Acervo todos os seus direitos reservados, e n\u00e3o permitindo a c\u00f3pia ou utiliza\u00e7\u00e3o de nenhuma forma e meio, sem autoriza\u00e7\u00e3o expressa e por escrita da mesma.<\/p>\n<p>o projeto de Acervo poder\u00e1 em casos concretos permitir pontualmente exce\u00e7\u00f5es a este direito, que ser\u00e3o claramente destacados no mesmo, com a forma e permiss\u00e3o de uso do conte\u00fado protegido. Este direito \u00e9 revog\u00e1vel e limitado as especifica\u00e7\u00f5es de cada caso.<\/p>\n<h3>6.<strong>\u00a0DAS OBRIGA\u00c7\u00d5ES<\/strong><\/h3>\n<p>O VISITANTE ao utilizar o website do Projeto Acervo do Museu Visconde de S\u00e3o Leopoldo, concorda integralmente em:<\/p>\n<ul>\n<li>De nenhuma forma ou meio realizar qualquer tipo de a\u00e7\u00e3o que tente invadir, hacker, destruir ou prejudicar a estrutura do site, plataforma do Projeto Acervo do Museu Visconde de S\u00e3o Leopoldo ou de seus parceiros comerciais. Incluindo-se, mas n\u00e3o se limitando, ao envio de v\u00edrus de computador, de ataques de DDOS, de acesso indevido por falhas da mesma ou quaisquer outras forma e meio.<\/li>\n<li>De n\u00e3o realizar divulga\u00e7\u00e3o indevida nos coment\u00e1rios do site de conte\u00fado de SPAM, empresas concorrentes, v\u00edrus, conte\u00fado que n\u00e3o possua direitos autorais ou quaisquer outros que n\u00e3o seja pertinente a discuss\u00e3o daquele texto, v\u00eddeo ou imagem.<\/li>\n<li>Da proibi\u00e7\u00e3o em reproduzir qualquer conte\u00fado do site ou plataforma sem autoriza\u00e7\u00e3o expressa, podendo responder civil e criminalmente pelo mesmo.<\/li>\n<li>Com a Pol\u00edtica de Privacidade do site, assim como tratamos os dados referentes ao cadastro e visita no site, podendo a qualquer momento e forma, requerer a exclus\u00e3o dos mesmos, atrav\u00e9s do formul\u00e1rio de contato.<\/li>\n<\/ul>\n<h3><strong>7. DA MONETIZA\u00c7\u00c3O E PUBLICIDADE<\/strong><\/h3>\n<p>o projeto de Acervo pode alugar ou vender espa\u00e7os publicit\u00e1rios na plataforma, ou no site, diretamente aos anunciantes, ou atrav\u00e9s de empresas especializadas com o Adsense (<a href=\"https:\/\/www.google.com\/\">Google<\/a>), Taboola ou outras plataformas especializadas.<\/p>\n<p>Essas publicidades n\u00e3o significam nenhuma forma de endosso ou responsabilidade pelos mesmos, ficando o VISITANTE respons\u00e1vel pelas compras, visitas, acessos ou quaisquer a\u00e7\u00f5es referentes as estas empresas.<\/p>\n<p>Todas as propagandas no site ou plataforma ser\u00e3o claramente destacadas como publicidade, como forma de disclaimer do Projeto Acervo do Museu Visconde de S\u00e3o Leopoldo e de conhecimento do VISITANTE.<\/p>\n<p>Em casos de compra de produtos ou servi\u00e7os, ser\u00e1 poss\u00edvel a devolu\u00e7\u00e3o em at\u00e9 07 (sete) dias, conforme o C\u00f3digo de Defesa do Consumidor.<\/p>\n<p>Estes an\u00fancios podem ser selecionados pelo projeto de Acervo de publicidade automaticamente, conforme as visitas recentes do VISITANTE, assim como baseado no seu hist\u00f3rico de busca, conforme as pol\u00edticas de acesso da plataforma.<\/p>\n<h3>7. <strong>DOS TERMOS GERAIS<\/strong><\/h3>\n<p>O Site ir\u00e1 apresentar hiperlinks durante toda a sua navega\u00e7\u00e3o, que podem levar diretamente para outra p\u00e1gina do Projeto Acervo do Museu Visconde de S\u00e3o Leopoldo ou para sites externos.<\/p>\n<p>Apesar do Projeto Acervo do Museu Visconde de S\u00e3o Leopoldo apenas criar links para sites externos de extrema confian\u00e7a, caso o usu\u00e1rio acesse um site externo, o projeto de Acervo n\u00e3o tem nenhuma responsabilidade pelo meio, sendo uma mera indica\u00e7\u00e3o de complementa\u00e7\u00e3o de conte\u00fado, ficando o mesmo respons\u00e1vel pelo acesso, assim como sobre quaisquer a\u00e7\u00f5es que venham a realizar neste site.<\/p>\n<p>Em caso que ocorra eventuais conflitos judiciais entre o VISITANTE e o projeto de Acervo, o foro elegido para a devida a\u00e7\u00e3o ser\u00e1 o da comarca do Projeto Acervo do Museu Visconde de S\u00e3o Leopoldo, mesmo que haja outro mais privilegiado.<\/p>\n<p>Este Termo de uso \u00e9 valido a partir de 24 de junho de 2022.<\/p>\n","protected":false},"excerpt":{"rendered":"<p>A perman\u00eancia no website implica-se automaticamente na leitura e aceita\u00e7\u00e3o t\u00e1cita do presente termos de uso a seguir. Este termo<\/p>\n","protected":false},"author":3,"featured_media":0,"parent":0,"menu_order":0,"comment_status":"closed","ping_status":"closed","template":"","meta":{"_acf_changed":false,"footnotes":""},"class_list":["post-1185","page","type-page","status-publish","hentry"],"acf":[],"_links":{"self":[{"href":"https:\/\/museuhistoricosl.com.br\/acervo\/wp-json\/wp\/v2\/pages\/1185","targetHints":{"allow":["GET"]}}],"collection":[{"href":"https:\/\/museuhistoricosl.com.br\/acervo\/wp-json\/wp\/v2\/pages"}],"about":[{"href":"https:\/\/museuhistoricosl.com.br\/acervo\/wp-json\/wp\/v2\/types\/page"}],"author":[{"embeddable":true,"href":"https:\/\/museuhistoricosl.com.br\/acervo\/wp-json\/wp\/v2\/users\/3"}],"replies":[{"embeddable":true,"href":"https:\/\/museuhistoricosl.com.br\/acervo\/wp-json\/wp\/v2\/comments?post=1185"}],"version-history":[{"count":1,"href":"https:\/\/museuhistoricosl.com.br\/acervo\/wp-json\/wp\/v2\/pages\/1185\/revisions"}],"predecessor-version":[{"id":1186,"href":"https:\/\/museuhistoricosl.com.br\/acervo\/wp-json\/wp\/v2\/pages\/1185\/revisions\/1186"}],"wp:attachment":[{"href":"https:\/\/museuhistoricosl.com.br\/acervo\/wp-json\/wp\/v2\/media?parent=1185"}],"curies":[{"name":"wp","href":"https:\/\/api.w.org\/{rel}","templated":true}]}}